{"id":8052,"date":"2025-09-03T09:17:04","date_gmt":"2025-09-03T09:17:04","guid":{"rendered":"https:\/\/audiotiq.com\/?page_id=8052"},"modified":"2025-11-07T15:49:48","modified_gmt":"2025-11-07T15:49:48","slug":"auto-diagnostic","status":"publish","type":"page","link":"https:\/\/audiotiq.com\/fr\/auto-diagnostic\/","title":{"rendered":"Auto-Diagnostic Transformation Num\u00e9rique"},"content":{"rendered":"<div id=\"fws_69e9f96606859\"  data-column-margin=\"default\" data-midnight=\"dark\"  class=\"wpb_row vc_row-fluid vc_row\"  style=\"padding-top: 0px; padding-bottom: 0px; \"><div class=\"row-bg-wrap\" data-bg-animation=\"none\" data-bg-animation-delay=\"\" data-bg-overlay=\"false\"><div class=\"inner-wrap row-bg-layer\" ><div class=\"row-bg viewport-desktop\"  style=\"\"><\/div><\/div><\/div><div class=\"row_col_wrap_12 col span_12 dark left\">\n\t<div  class=\"vc_col-sm-12 wpb_column column_container vc_column_container col no-extra-padding inherit_tablet inherit_phone\"  data-padding-pos=\"all\" data-has-bg-color=\"false\" data-bg-color=\"\" data-bg-opacity=\"1\" data-animation=\"\" data-delay=\"0\" >\n\t\t<div class=\"vc_column-inner\" >\n\t\t\t<div class=\"wpb_wrapper\">\n\t\t\t\t\n<div class=\"wpb_text_column wpb_content_element\" >\n\t<div class=\"wpb_wrapper\">\n\t\t<h1><span style=\"font-weight: 400;\">Auto-Diagnostic Transformation Num\u00e9rique<\/span><\/h1>\n<p class=\"whitespace-normal break-words\">L&#8217;id\u00e9al, c&#8217;est de le faire en \u00e9quipe. Les diff\u00e9rents points de vue vont enrichir les discussions et r\u00e9v\u00e9ler des angles morts que vous pourriez rater en solo.<\/p>\n<p class=\"whitespace-normal break-words\">Pour chaque paire d&#8217;affirmations, \u00e9valuez o\u00f9 en est votre station aujourd&#8217;hui. Choisissez le chiffre de 1 \u00e0 5 qui refl\u00e8te le mieux votre r\u00e9alit\u00e9 actuelle.<\/p>\n<p class=\"whitespace-normal break-words\">1 = totalement align\u00e9 avec l&#8217;affirmation de gauche, 5 = totalement align\u00e9 avec celle de droite.<\/p>\n<p class=\"whitespace-normal break-words\">40 questions au total. Comptez 8 minutes.<\/p>\n<p><a href=\"https:\/\/audiotiq.com\/fr\/self-assessment\/\">\ud83c\uddfa\ud83c\uddf8 \ud83c\uddec\ud83c\udde7\u00a0 \ud83c\udde6\ud83c\uddfa &#8211; English version is right here! \ud83c\uddfa\ud83c\uddf8 \ud83c\uddec\ud83c\udde7\u00a0 \ud83c\udde6\ud83c\uddfa<\/a><\/p>\n\t<\/div>\n<\/div>\n\n\n\n<div class=\"divider-wrap\" data-alignment=\"default\"><div style=\"height: 30px;\" class=\"divider\"><\/div><\/div>\n\t<div class=\"wpb_raw_code wpb_raw_html wpb_content_element\" >\n\t\t<div class=\"wpb_wrapper\">\n\t\t\t<iframe src=\"https:\/\/tally.so\/embed\/mBrgP1?hideTitle=1&dynamicHeight=1\" \n        loading=\"lazy\" width=\"100%\" height=\"500\" frameborder=\"0\" \n        marginheight=\"0\" marginwidth=\"0\" title=\"Self-Assessment\">\n<\/iframe>\n\n\n\t\t<\/div>\n\t<\/div>\n<div class=\"audiotiq-nl-embed\">\n  <iframe loading=\"lazy\"\n    src=\"https:\/\/231b4020.sibforms.com\/serve\/MUIFAMFrUXv-DcyulZxb6gKOOTT6OtVhCKR4PpKgd0949IDEOdfjEyxIGSmI9w0YnFVyZrWuNtX44Xh1D3HR5hfbINAZ2WmDZrHhzp6Y5iMSlo8CCLk9SDQqs4yf0pq5IXxtGA8v0g_nXp5E7UQbg102XyXA2pDF3xEipDOS51zVVIlUv_pzi63AWPC5eiwMwT6rM8mP3iRqPRk1DQ==\"\n    title=\"Inscription newsletter (FR)\"\n    width=\"740\" height=\"400\"\n    frameborder=\"0\" scrolling=\"no\" allowfullscreen\n style=\"display:block;margin:0 auto;max-width:100%;border:0;overflow:hidden;\"><br \/>\n  <\/iframe>\n<\/div>\n<div class=\"divider-wrap\" data-alignment=\"default\"><div style=\"height: 100px;\" class=\"divider\"><\/div><\/div>\n\t\t\t<\/div> \n\t\t<\/div>\n\t<\/div> \n<\/div><\/div>","protected":false},"excerpt":{"rendered":"Auto-Diagnostic Transformation Num\u00e9rique L'id\u00e9al, c'est de le faire en \u00e9quipe. Les diff\u00e9rents points de vue vont enrichir les discussions et r\u00e9v\u00e9ler des angles morts que vous pourriez rater en solo....","protected":false},"author":1,"featured_media":0,"parent":0,"menu_order":11,"comment_status":"closed","ping_status":"closed","template":"","meta":{"footnotes":""},"class_list":["post-8052","page","type-page","status-publish"],"yoast_head":"<!-- This site is optimized with the Yoast SEO plugin v27.0 - https:\/\/yoast.com\/product\/yoast-seo-wordpress\/ -->\n<title>Auto-Diagnostic Transformation Num\u00e9rique - Audiotiq<\/title>\n<meta name=\"description\" content=\"Assess your radio station\u2019s progress in digital transformation. Uncover strengths, blind spots, and take the next step toward innovation.\" \/>\n<meta name=\"robots\" content=\"index, follow, max-snippet:-1, max-image-preview:large, max-video-preview:-1\" \/>\n<link rel=\"canonical\" href=\"https:\/\/audiotiq.com\/fr\/auto-diagnostic\/\" \/>\n<script type=\"application\/ld+json\" class=\"yoast-schema-graph\">{\"@context\":\"https:\/\/schema.org\",\"@graph\":[{\"@type\":\"WebPage\",\"@id\":\"https:\/\/audiotiq.com\/auto-diagnostic\/\",\"url\":\"https:\/\/audiotiq.com\/auto-diagnostic\/\",\"name\":\"Auto-Diagnostic Transformation Num\u00e9rique - Audiotiq\",\"isPartOf\":{\"@id\":\"https:\/\/audiotiq.com\/#website\"},\"datePublished\":\"2025-09-03T09:17:04+00:00\",\"dateModified\":\"2025-11-07T15:49:48+00:00\",\"description\":\"Assess your radio station\u2019s progress in digital transformation. Uncover strengths, blind spots, and take the next step toward innovation.\",\"breadcrumb\":{\"@id\":\"https:\/\/audiotiq.com\/auto-diagnostic\/#breadcrumb\"},\"inLanguage\":\"fr-FR\",\"potentialAction\":[{\"@type\":\"ReadAction\",\"target\":[\"https:\/\/audiotiq.com\/auto-diagnostic\/\"]}]},{\"@type\":\"BreadcrumbList\",\"@id\":\"https:\/\/audiotiq.com\/auto-diagnostic\/#breadcrumb\",\"itemListElement\":[{\"@type\":\"ListItem\",\"position\":1,\"name\":\"Home\",\"item\":\"https:\/\/audiotiq.com\/\"},{\"@type\":\"ListItem\",\"position\":2,\"name\":\"Auto-Diagnostic Transformation Num\u00e9rique\"}]},{\"@type\":\"WebSite\",\"@id\":\"https:\/\/audiotiq.com\/#website\",\"url\":\"https:\/\/audiotiq.com\/\",\"name\":\"Audiotiq\",\"description\":\"Digital Transformation Consultancy for Radios\",\"publisher\":{\"@id\":\"https:\/\/audiotiq.com\/#organization\"},\"potentialAction\":[{\"@type\":\"SearchAction\",\"target\":{\"@type\":\"EntryPoint\",\"urlTemplate\":\"https:\/\/audiotiq.com\/?s={search_term_string}\"},\"query-input\":{\"@type\":\"PropertyValueSpecification\",\"valueRequired\":true,\"valueName\":\"search_term_string\"}}],\"inLanguage\":\"fr-FR\"},{\"@type\":\"Organization\",\"@id\":\"https:\/\/audiotiq.com\/#organization\",\"name\":\"Audiotiq\",\"url\":\"https:\/\/audiotiq.com\/\",\"logo\":{\"@type\":\"ImageObject\",\"inLanguage\":\"fr-FR\",\"@id\":\"https:\/\/audiotiq.com\/#\/schema\/logo\/image\/\",\"url\":\"https:\/\/audiotiq.com\/wp-content\/uploads\/2023\/12\/Audiotiq-Logo-Horizontal-Pink.png\",\"contentUrl\":\"https:\/\/audiotiq.com\/wp-content\/uploads\/2023\/12\/Audiotiq-Logo-Horizontal-Pink.png\",\"width\":874,\"height\":288,\"caption\":\"Audiotiq\"},\"image\":{\"@id\":\"https:\/\/audiotiq.com\/#\/schema\/logo\/image\/\"}}]}<\/script>\n<!-- \/ Yoast SEO plugin. -->","yoast_head_json":{"title":"Auto-Diagnostic Transformation Num\u00e9rique - Audiotiq","description":"Assess your radio station\u2019s progress in digital transformation. Uncover strengths, blind spots, and take the next step toward innovation.","robots":{"index":"index","follow":"follow","max-snippet":"max-snippet:-1","max-image-preview":"max-image-preview:large","max-video-preview":"max-video-preview:-1"},"canonical":"https:\/\/audiotiq.com\/fr\/auto-diagnostic\/","schema":{"@context":"https:\/\/schema.org","@graph":[{"@type":"WebPage","@id":"https:\/\/audiotiq.com\/auto-diagnostic\/","url":"https:\/\/audiotiq.com\/auto-diagnostic\/","name":"Auto-Diagnostic Transformation Num\u00e9rique - Audiotiq","isPartOf":{"@id":"https:\/\/audiotiq.com\/#website"},"datePublished":"2025-09-03T09:17:04+00:00","dateModified":"2025-11-07T15:49:48+00:00","description":"Assess your radio station\u2019s progress in digital transformation. Uncover strengths, blind spots, and take the next step toward innovation.","breadcrumb":{"@id":"https:\/\/audiotiq.com\/auto-diagnostic\/#breadcrumb"},"inLanguage":"fr-FR","potentialAction":[{"@type":"ReadAction","target":["https:\/\/audiotiq.com\/auto-diagnostic\/"]}]},{"@type":"BreadcrumbList","@id":"https:\/\/audiotiq.com\/auto-diagnostic\/#breadcrumb","itemListElement":[{"@type":"ListItem","position":1,"name":"Home","item":"https:\/\/audiotiq.com\/"},{"@type":"ListItem","position":2,"name":"Auto-Diagnostic Transformation Num\u00e9rique"}]},{"@type":"WebSite","@id":"https:\/\/audiotiq.com\/#website","url":"https:\/\/audiotiq.com\/","name":"Audiotiq","description":"Digital Transformation Consultancy for Radios","publisher":{"@id":"https:\/\/audiotiq.com\/#organization"},"potentialAction":[{"@type":"SearchAction","target":{"@type":"EntryPoint","urlTemplate":"https:\/\/audiotiq.com\/?s={search_term_string}"},"query-input":{"@type":"PropertyValueSpecification","valueRequired":true,"valueName":"search_term_string"}}],"inLanguage":"fr-FR"},{"@type":"Organization","@id":"https:\/\/audiotiq.com\/#organization","name":"Audiotiq","url":"https:\/\/audiotiq.com\/","logo":{"@type":"ImageObject","inLanguage":"fr-FR","@id":"https:\/\/audiotiq.com\/#\/schema\/logo\/image\/","url":"https:\/\/audiotiq.com\/wp-content\/uploads\/2023\/12\/Audiotiq-Logo-Horizontal-Pink.png","contentUrl":"https:\/\/audiotiq.com\/wp-content\/uploads\/2023\/12\/Audiotiq-Logo-Horizontal-Pink.png","width":874,"height":288,"caption":"Audiotiq"},"image":{"@id":"https:\/\/audiotiq.com\/#\/schema\/logo\/image\/"}}]}},"featured_image_src":null,"featured_image_src_square":null,"_links":{"self":[{"href":"https:\/\/audiotiq.com\/fr\/wp-json\/wp\/v2\/pages\/8052","targetHints":{"allow":["GET"]}}],"collection":[{"href":"https:\/\/audiotiq.com\/fr\/wp-json\/wp\/v2\/pages"}],"about":[{"href":"https:\/\/audiotiq.com\/fr\/wp-json\/wp\/v2\/types\/page"}],"author":[{"embeddable":true,"href":"https:\/\/audiotiq.com\/fr\/wp-json\/wp\/v2\/users\/1"}],"replies":[{"embeddable":true,"href":"https:\/\/audiotiq.com\/fr\/wp-json\/wp\/v2\/comments?post=8052"}],"version-history":[{"count":0,"href":"https:\/\/audiotiq.com\/fr\/wp-json\/wp\/v2\/pages\/8052\/revisions"}],"wp:attachment":[{"href":"https:\/\/audiotiq.com\/fr\/wp-json\/wp\/v2\/media?parent=8052"}],"curies":[{"name":"wp","href":"https:\/\/api.w.org\/{rel}","templated":true}]}}